{"id":751912,"date":"2026-03-20T07:20:41","date_gmt":"2026-03-20T06:20:41","guid":{"rendered":"https:\/\/marcheauxvins.com\/?post_type=product&#038;p=751912"},"modified":"2026-04-09T16:35:05","modified_gmt":"2026-04-09T15:35:05","slug":"selection-tablees-printanieres-set-of-12-bottles","status":"publish","type":"product","link":"https:\/\/marcheauxvins.com\/en\/wine-shop\/selection-tablees-printanieres-set-of-12-bottles\/","title":{"rendered":"S\u00e9lection Tabl\u00e9es Printani\u00e8res &#8211; Set of 12 bottles &#8211;"},"content":{"rendered":"","protected":false},"excerpt":{"rendered":"","protected":false},"featured_media":752031,"template":"","meta":{"_seopress_robots_primary_cat":"none","_seopress_titles_title":"S\u00e9lection Tabl\u00e9es Printani\u00e8res - Set of 12 bottles -","_seopress_titles_desc":"","_seopress_robots_index":"","appellation_du_vin":""},"product_brand":[],"product_cat":[729,239,676,680],"product_tag":[],"class_list":{"0":"post-751912","1":"product","2":"type-product","3":"status-publish","4":"has-post-thumbnail","6":"product_cat-batch-of-bottles","7":"product_cat-bottle-en","8":"product_cat-spring-selection","9":"product_cat-wines","10":"product_shipping_class-bt-en","11":"pa_lot-de-bouteilles-12-bottles","13":"first","14":"instock","15":"sale","16":"taxable","17":"shipping-taxable","18":"purchasable","19":"product-type-simple"},"_links":{"self":[{"href":"https:\/\/marcheauxvins.com\/en\/wp-json\/wp\/v2\/product\/751912","targetHints":{"allow":["GET"]}}],"collection":[{"href":"https:\/\/marcheauxvins.com\/en\/wp-json\/wp\/v2\/product"}],"about":[{"href":"https:\/\/marcheauxvins.com\/en\/wp-json\/wp\/v2\/types\/product"}],"wp:featuredmedia":[{"embeddable":true,"href":"https:\/\/marcheauxvins.com\/en\/wp-json\/wp\/v2\/media\/752031"}],"wp:attachment":[{"href":"https:\/\/marcheauxvins.com\/en\/wp-json\/wp\/v2\/media?parent=751912"}],"wp:term":[{"taxonomy":"product_brand","embeddable":true,"href":"https:\/\/marcheauxvins.com\/en\/wp-json\/wp\/v2\/product_brand?post=751912"},{"taxonomy":"product_cat","embeddable":true,"href":"https:\/\/marcheauxvins.com\/en\/wp-json\/wp\/v2\/product_cat?post=751912"},{"taxonomy":"product_tag","embeddable":true,"href":"https:\/\/marcheauxvins.com\/en\/wp-json\/wp\/v2\/product_tag?post=751912"}],"curies":[{"name":"wp","href":"https:\/\/api.w.org\/{rel}","templated":true}]}}