{"id":751901,"date":"2026-03-20T07:20:43","date_gmt":"2026-03-20T06:20:43","guid":{"rendered":"https:\/\/marcheauxvins.com\/?post_type=product&#038;p=751901"},"modified":"2026-03-20T09:08:14","modified_gmt":"2026-03-20T08:08:14","slug":"pommard-premier-cru-clos-de-la-platiere-2021-chateau-de-meursault-set-of-6-bottles-51-for-free","status":"publish","type":"product","link":"https:\/\/marcheauxvins.com\/en\/wine-shop\/pommard-premier-cru-clos-de-la-platiere-2021-chateau-de-meursault-set-of-6-bottles-51-for-free\/","title":{"rendered":"Pommard Premier Cru Clos de La Plati\u00e8re 2021, Ch\u00e2teau de Meursault &#8211; Set of 6 bottles &#8211; 5+1 for free &#8211;"},"content":{"rendered":"","protected":false},"excerpt":{"rendered":"<h5>Awards :<\/h5>\n<p>17,5\/20 &#8211; 95\/100 &#8211; VerdeVin Magazine; 89-92\/100 (4\/5 stars) \u2013 Jasper Morris; 16,5\/20 \u2013 Bourgogne Aujourd\u2019hui<\/p>\n","protected":false},"featured_media":751918,"template":"","meta":{"_seopress_robots_primary_cat":"none","_seopress_titles_title":"Pommard Premier Cru Clos de La Plati\u00e8re 2021, Ch\u00e2teau de Meursault 5+1 - Set of 6 bottles","_seopress_titles_desc":"The Pommard Premier Cru Clos de la Plati\u00e8re 2020 is a red wine of great complexity.","_seopress_robots_index":"","appellation_du_vin":""},"product_brand":[],"product_cat":[239,240,676,680],"product_tag":[],"class_list":{"0":"post-751901","1":"product","2":"type-product","3":"status-publish","4":"has-post-thumbnail","6":"product_cat-bottle-en","7":"product_cat-climates","8":"product_cat-spring-selection","9":"product_cat-wines","10":"product_shipping_class-bt-en","11":"pa_classification-premier-cru-en","12":"pa_contenance-75-cl-en","13":"pa_couleur-red","14":"pa_domaine-chateau-de-meursault-en","15":"pa_lot-de-bouteilles-6-bottles","16":"pa_millesime-2021-en","17":"pa_region-cote-de-beaune-en","18":"pa_village-pommard-en","20":"first","21":"instock","22":"sale","23":"taxable","24":"shipping-taxable","25":"purchasable","26":"product-type-simple"},"_links":{"self":[{"href":"https:\/\/marcheauxvins.com\/en\/wp-json\/wp\/v2\/product\/751901","targetHints":{"allow":["GET"]}}],"collection":[{"href":"https:\/\/marcheauxvins.com\/en\/wp-json\/wp\/v2\/product"}],"about":[{"href":"https:\/\/marcheauxvins.com\/en\/wp-json\/wp\/v2\/types\/product"}],"wp:featuredmedia":[{"embeddable":true,"href":"https:\/\/marcheauxvins.com\/en\/wp-json\/wp\/v2\/media\/751918"}],"wp:attachment":[{"href":"https:\/\/marcheauxvins.com\/en\/wp-json\/wp\/v2\/media?parent=751901"}],"wp:term":[{"taxonomy":"product_brand","embeddable":true,"href":"https:\/\/marcheauxvins.com\/en\/wp-json\/wp\/v2\/product_brand?post=751901"},{"taxonomy":"product_cat","embeddable":true,"href":"https:\/\/marcheauxvins.com\/en\/wp-json\/wp\/v2\/product_cat?post=751901"},{"taxonomy":"product_tag","embeddable":true,"href":"https:\/\/marcheauxvins.com\/en\/wp-json\/wp\/v2\/product_tag?post=751901"}],"curies":[{"name":"wp","href":"https:\/\/api.w.org\/{rel}","templated":true}]}}