{"id":751699,"date":"2026-02-23T10:49:10","date_gmt":"2026-02-23T09:49:10","guid":{"rendered":"https:\/\/marcheauxvins.com\/?post_type=product&#038;p=751699"},"modified":"2026-02-26T17:24:03","modified_gmt":"2026-02-26T16:24:03","slug":"chateau-cheval-blanc-2004-saint-emilion-grand-cru-classe-a","status":"publish","type":"product","link":"https:\/\/marcheauxvins.com\/en\/wine-shop\/chateau-cheval-blanc-2004-saint-emilion-grand-cru-classe-a\/","title":{"rendered":"Ch\u00e2teau Cheval Blanc 2004, Saint-Emilion Grand Cru Class\u00e9 A"},"content":{"rendered":"","protected":false},"excerpt":{"rendered":"","protected":false},"featured_media":751701,"template":"","meta":{"_seopress_robots_primary_cat":"none","_seopress_titles_title":"Ch\u00e2teau Cheval Blanc 2006, Saint-Emilion Grand Cru Class\u00e9 A","_seopress_titles_desc":"","_seopress_robots_index":"","_seopress_analysis_target_kw":"Saint-Emilion Grand Cru Class\u00e9 A 2004,Ch\u00e2teau Cheval Blanc","_angie_page":false,"appellation_du_vin":""},"product_brand":[],"product_cat":[239],"product_tag":[],"class_list":{"0":"post-751699","1":"product","2":"type-product","3":"status-publish","4":"has-post-thumbnail","6":"product_cat-bottle-en","7":"product_shipping_class-bt-en","8":"pa_classification-grand-cru-en","9":"pa_contenance-75-cl-en","10":"pa_couleur-red","11":"pa_millesime-2004-en","13":"first","14":"instock","15":"taxable","16":"shipping-taxable","17":"purchasable","18":"product-type-simple"},"_links":{"self":[{"href":"https:\/\/marcheauxvins.com\/en\/wp-json\/wp\/v2\/product\/751699","targetHints":{"allow":["GET"]}}],"collection":[{"href":"https:\/\/marcheauxvins.com\/en\/wp-json\/wp\/v2\/product"}],"about":[{"href":"https:\/\/marcheauxvins.com\/en\/wp-json\/wp\/v2\/types\/product"}],"wp:featuredmedia":[{"embeddable":true,"href":"https:\/\/marcheauxvins.com\/en\/wp-json\/wp\/v2\/media\/751701"}],"wp:attachment":[{"href":"https:\/\/marcheauxvins.com\/en\/wp-json\/wp\/v2\/media?parent=751699"}],"wp:term":[{"taxonomy":"product_brand","embeddable":true,"href":"https:\/\/marcheauxvins.com\/en\/wp-json\/wp\/v2\/product_brand?post=751699"},{"taxonomy":"product_cat","embeddable":true,"href":"https:\/\/marcheauxvins.com\/en\/wp-json\/wp\/v2\/product_cat?post=751699"},{"taxonomy":"product_tag","embeddable":true,"href":"https:\/\/marcheauxvins.com\/en\/wp-json\/wp\/v2\/product_tag?post=751699"}],"curies":[{"name":"wp","href":"https:\/\/api.w.org\/{rel}","templated":true}]}}