{"id":751695,"date":"2026-02-22T18:25:21","date_gmt":"2026-02-22T17:25:21","guid":{"rendered":"https:\/\/marcheauxvins.com\/?post_type=product&#038;p=751695"},"modified":"2026-02-26T17:25:11","modified_gmt":"2026-02-26T16:25:11","slug":"margaux-1er-grand-cru-classe-2003-chateau-margaux","status":"publish","type":"product","link":"https:\/\/marcheauxvins.com\/en\/wine-shop\/margaux-1er-grand-cru-classe-2003-chateau-margaux\/","title":{"rendered":"Margaux 1er Grand Cru Class\u00e9 2003, Ch\u00e2teau Margaux"},"content":{"rendered":"","protected":false},"excerpt":{"rendered":"","protected":false},"featured_media":751697,"template":"","meta":{"_seopress_robots_primary_cat":"none","_seopress_titles_title":"Margaux 1er Grand Cru Class\u00e9 2003, Ch\u00e2teau Margaux","_seopress_titles_desc":"","_seopress_robots_index":"","_seopress_analysis_target_kw":"Ch\u00e2teau Margaux,Margaux 1er Grand Cru Class\u00e9 2003","_angie_page":false,"appellation_du_vin":""},"product_brand":[],"product_cat":[239,326,680],"product_tag":[],"class_list":{"0":"post-751695","1":"product","2":"type-product","3":"status-publish","4":"has-post-thumbnail","6":"product_cat-bottle-en","7":"product_cat-great-burgundy-wines","8":"product_cat-wines","9":"product_shipping_class-bt-en","10":"pa_classification-grand-cru-en","11":"pa_contenance-75-cl-en","12":"pa_couleur-red","13":"pa_millesime-2003-en","15":"first","16":"instock","17":"taxable","18":"shipping-taxable","19":"purchasable","20":"product-type-simple"},"_links":{"self":[{"href":"https:\/\/marcheauxvins.com\/en\/wp-json\/wp\/v2\/product\/751695","targetHints":{"allow":["GET"]}}],"collection":[{"href":"https:\/\/marcheauxvins.com\/en\/wp-json\/wp\/v2\/product"}],"about":[{"href":"https:\/\/marcheauxvins.com\/en\/wp-json\/wp\/v2\/types\/product"}],"wp:featuredmedia":[{"embeddable":true,"href":"https:\/\/marcheauxvins.com\/en\/wp-json\/wp\/v2\/media\/751697"}],"wp:attachment":[{"href":"https:\/\/marcheauxvins.com\/en\/wp-json\/wp\/v2\/media?parent=751695"}],"wp:term":[{"taxonomy":"product_brand","embeddable":true,"href":"https:\/\/marcheauxvins.com\/en\/wp-json\/wp\/v2\/product_brand?post=751695"},{"taxonomy":"product_cat","embeddable":true,"href":"https:\/\/marcheauxvins.com\/en\/wp-json\/wp\/v2\/product_cat?post=751695"},{"taxonomy":"product_tag","embeddable":true,"href":"https:\/\/marcheauxvins.com\/en\/wp-json\/wp\/v2\/product_tag?post=751695"}],"curies":[{"name":"wp","href":"https:\/\/api.w.org\/{rel}","templated":true}]}}