{"id":751683,"date":"2026-02-22T17:47:29","date_gmt":"2026-02-22T16:47:29","guid":{"rendered":"https:\/\/marcheauxvins.com\/?post_type=product&#038;p=751683"},"modified":"2026-02-26T17:26:14","modified_gmt":"2026-02-26T16:26:14","slug":"chambertin-clos-de-beze-grand-cru-2011-domaine-armand-rousseau-pere-fils","status":"publish","type":"product","link":"https:\/\/marcheauxvins.com\/en\/wine-shop\/chambertin-clos-de-beze-grand-cru-2011-domaine-armand-rousseau-pere-fils\/","title":{"rendered":"Chambertin Clos de B\u00e8ze Grand Cru 2011, Domaine Armand Rousseau P\u00e8re &#038; Fils"},"content":{"rendered":"","protected":false},"excerpt":{"rendered":"","protected":false},"featured_media":751685,"template":"","meta":{"_seopress_robots_primary_cat":"none","_seopress_titles_title":"Chambertin Clos de B\u00e8ze Grand Cru 2011, Domaine Armand Rousseau P\u00e8re & Fils","_seopress_titles_desc":"","_seopress_robots_index":"","_seopress_analysis_target_kw":"Chambertin Clos de B\u00e8ze Grand Cru 2011,Domaine Armand Rousseau P\u00e8re & Fils","_angie_page":false,"appellation_du_vin":""},"product_brand":[],"product_cat":[239,240,326,680],"product_tag":[],"class_list":{"0":"post-751683","1":"product","2":"type-product","3":"status-publish","4":"has-post-thumbnail","6":"product_cat-bottle-en","7":"product_cat-climates","8":"product_cat-great-burgundy-wines","9":"product_cat-wines","10":"product_shipping_class-bt-en","11":"pa_classification-grand-cru-en","12":"pa_contenance-75-cl-en","13":"pa_couleur-red","14":"pa_domaine-armand-rousseau-en","15":"pa_millesime-2011-en","16":"pa_region-cote-de-nuits-en","18":"first","19":"instock","20":"taxable","21":"shipping-taxable","22":"purchasable","23":"product-type-simple"},"_links":{"self":[{"href":"https:\/\/marcheauxvins.com\/en\/wp-json\/wp\/v2\/product\/751683","targetHints":{"allow":["GET"]}}],"collection":[{"href":"https:\/\/marcheauxvins.com\/en\/wp-json\/wp\/v2\/product"}],"about":[{"href":"https:\/\/marcheauxvins.com\/en\/wp-json\/wp\/v2\/types\/product"}],"wp:featuredmedia":[{"embeddable":true,"href":"https:\/\/marcheauxvins.com\/en\/wp-json\/wp\/v2\/media\/751685"}],"wp:attachment":[{"href":"https:\/\/marcheauxvins.com\/en\/wp-json\/wp\/v2\/media?parent=751683"}],"wp:term":[{"taxonomy":"product_brand","embeddable":true,"href":"https:\/\/marcheauxvins.com\/en\/wp-json\/wp\/v2\/product_brand?post=751683"},{"taxonomy":"product_cat","embeddable":true,"href":"https:\/\/marcheauxvins.com\/en\/wp-json\/wp\/v2\/product_cat?post=751683"},{"taxonomy":"product_tag","embeddable":true,"href":"https:\/\/marcheauxvins.com\/en\/wp-json\/wp\/v2\/product_tag?post=751683"}],"curies":[{"name":"wp","href":"https:\/\/api.w.org\/{rel}","templated":true}]}}