{"id":747127,"date":"2025-05-29T17:14:48","date_gmt":"2025-05-29T16:14:48","guid":{"rendered":"https:\/\/marcheauxvins.com\/?post_type=product&#038;p=747127"},"modified":"2026-05-10T17:16:44","modified_gmt":"2026-05-10T16:16:44","slug":"pomerol-grand-cru-classe-2004-petrus","status":"publish","type":"product","link":"https:\/\/marcheauxvins.com\/en\/wine-shop\/pomerol-grand-cru-classe-2004-petrus\/","title":{"rendered":"Pomerol Grand Cru Class\u00e9 2004, P\u00e9trus"},"content":{"rendered":"","protected":false},"excerpt":{"rendered":"","protected":false},"featured_media":747129,"template":"","meta":{"_seopress_robots_primary_cat":"none","_seopress_titles_title":"Pomerol Grand Cru Class\u00e9 2004, P\u00e9trus","_seopress_titles_desc":"","_seopress_robots_index":"","_seopress_analysis_target_kw":"Pomerol Grand Cru Class\u00e9 2004,P\u00e9trus","_angie_page":false,"appellation_du_vin":""},"product_brand":[],"product_cat":[239],"product_tag":[],"class_list":{"0":"post-747127","1":"product","2":"type-product","3":"status-publish","4":"has-post-thumbnail","6":"product_cat-bottle-en","7":"product_shipping_class-bt-en","8":"pa_classification-grand-cru-en","9":"pa_contenance-75-cl-en","10":"pa_couleur-red","12":"first","13":"instock","14":"taxable","15":"shipping-taxable","16":"purchasable","17":"product-type-simple"},"_links":{"self":[{"href":"https:\/\/marcheauxvins.com\/en\/wp-json\/wp\/v2\/product\/747127","targetHints":{"allow":["GET"]}}],"collection":[{"href":"https:\/\/marcheauxvins.com\/en\/wp-json\/wp\/v2\/product"}],"about":[{"href":"https:\/\/marcheauxvins.com\/en\/wp-json\/wp\/v2\/types\/product"}],"wp:featuredmedia":[{"embeddable":true,"href":"https:\/\/marcheauxvins.com\/en\/wp-json\/wp\/v2\/media\/747129"}],"wp:attachment":[{"href":"https:\/\/marcheauxvins.com\/en\/wp-json\/wp\/v2\/media?parent=747127"}],"wp:term":[{"taxonomy":"product_brand","embeddable":true,"href":"https:\/\/marcheauxvins.com\/en\/wp-json\/wp\/v2\/product_brand?post=747127"},{"taxonomy":"product_cat","embeddable":true,"href":"https:\/\/marcheauxvins.com\/en\/wp-json\/wp\/v2\/product_cat?post=747127"},{"taxonomy":"product_tag","embeddable":true,"href":"https:\/\/marcheauxvins.com\/en\/wp-json\/wp\/v2\/product_tag?post=747127"}],"curies":[{"name":"wp","href":"https:\/\/api.w.org\/{rel}","templated":true}]}}