{"id":746541,"date":"2025-05-18T14:00:04","date_gmt":"2025-05-18T13:00:04","guid":{"rendered":"https:\/\/marcheauxvins.com\/?post_type=product&#038;p=746541"},"modified":"2026-05-04T11:00:20","modified_gmt":"2026-05-04T10:00:20","slug":"romanee-saint-vivant-grand-cru-2001-domaine-de-la-romanee-conti","status":"publish","type":"product","link":"https:\/\/marcheauxvins.com\/en\/wine-shop\/romanee-saint-vivant-grand-cru-2001-domaine-de-la-romanee-conti\/","title":{"rendered":"Roman\u00e9e-Saint-Vivant Grand Cru 2001, Domaine de la Roman\u00e9e-Conti"},"content":{"rendered":"","protected":false},"excerpt":{"rendered":"","protected":false},"featured_media":746543,"template":"","meta":{"_seopress_robots_primary_cat":"none","_seopress_titles_title":"Roman\u00e9e-Saint-Vivant Grand Cru 2001, Domaine de la Roman\u00e9e-Conti","_seopress_titles_desc":"","_seopress_robots_index":"","_seopress_analysis_target_kw":"Domaine de la Roman\u00e9e-Conti,Roman\u00e9e-Saint-Vivant Grand Cru 2001","_angie_page":false,"appellation_du_vin":""},"product_brand":[],"product_cat":[239,326],"product_tag":[],"class_list":{"0":"post-746541","1":"product","2":"type-product","3":"status-publish","4":"has-post-thumbnail","6":"product_cat-bottle-en","7":"product_cat-great-burgundy-wines","8":"product_shipping_class-bt-en","9":"pa_classification-grand-cru-en","10":"pa_contenance-75-cl-en","11":"pa_couleur-red","12":"pa_domaine-domaine-de-la-romanee-conti-en","13":"pa_region-cote-de-nuits-en","15":"first","16":"instock","17":"taxable","18":"shipping-taxable","19":"purchasable","20":"product-type-simple"},"_links":{"self":[{"href":"https:\/\/marcheauxvins.com\/en\/wp-json\/wp\/v2\/product\/746541","targetHints":{"allow":["GET"]}}],"collection":[{"href":"https:\/\/marcheauxvins.com\/en\/wp-json\/wp\/v2\/product"}],"about":[{"href":"https:\/\/marcheauxvins.com\/en\/wp-json\/wp\/v2\/types\/product"}],"wp:featuredmedia":[{"embeddable":true,"href":"https:\/\/marcheauxvins.com\/en\/wp-json\/wp\/v2\/media\/746543"}],"wp:attachment":[{"href":"https:\/\/marcheauxvins.com\/en\/wp-json\/wp\/v2\/media?parent=746541"}],"wp:term":[{"taxonomy":"product_brand","embeddable":true,"href":"https:\/\/marcheauxvins.com\/en\/wp-json\/wp\/v2\/product_brand?post=746541"},{"taxonomy":"product_cat","embeddable":true,"href":"https:\/\/marcheauxvins.com\/en\/wp-json\/wp\/v2\/product_cat?post=746541"},{"taxonomy":"product_tag","embeddable":true,"href":"https:\/\/marcheauxvins.com\/en\/wp-json\/wp\/v2\/product_tag?post=746541"}],"curies":[{"name":"wp","href":"https:\/\/api.w.org\/{rel}","templated":true}]}}