{"id":746446,"date":"2025-05-17T16:17:09","date_gmt":"2025-05-17T15:17:09","guid":{"rendered":"https:\/\/marcheauxvins.com\/?post_type=product&#038;p=746446"},"modified":"2026-05-04T10:52:48","modified_gmt":"2026-05-04T09:52:48","slug":"la-tache-grand-cru-2016-domaine-de-la-romanee-conti","status":"publish","type":"product","link":"https:\/\/marcheauxvins.com\/en\/wine-shop\/la-tache-grand-cru-2016-domaine-de-la-romanee-conti\/","title":{"rendered":"La T\u00e2che Grand Cru 2016, Domaine de la Roman\u00e9e-Conti"},"content":{"rendered":"","protected":false},"excerpt":{"rendered":"","protected":false},"featured_media":746448,"template":"","meta":{"_seopress_robots_primary_cat":"none","_seopress_titles_title":"La T\u00e2che Grand Cru 2016, Domaine de la Roman\u00e9e-Conti","_seopress_titles_desc":"","_seopress_robots_index":"","_seopress_analysis_target_kw":"Domaine de la Roman\u00e9e-Conti,La T\u00e2che Grand Cru 2016","_angie_page":false,"appellation_du_vin":""},"product_brand":[],"product_cat":[239,326],"product_tag":[],"class_list":{"0":"post-746446","1":"product","2":"type-product","3":"status-publish","4":"has-post-thumbnail","6":"product_cat-bottle-en","7":"product_cat-great-burgundy-wines","8":"product_shipping_class-bt-en","9":"pa_classification-grand-cru-en","10":"pa_contenance-75-cl-en","11":"pa_couleur-red","12":"pa_domaine-domaine-de-la-romanee-conti-en","13":"pa_region-cote-de-nuits-en","15":"first","16":"instock","17":"taxable","18":"shipping-taxable","19":"purchasable","20":"product-type-simple"},"_links":{"self":[{"href":"https:\/\/marcheauxvins.com\/en\/wp-json\/wp\/v2\/product\/746446","targetHints":{"allow":["GET"]}}],"collection":[{"href":"https:\/\/marcheauxvins.com\/en\/wp-json\/wp\/v2\/product"}],"about":[{"href":"https:\/\/marcheauxvins.com\/en\/wp-json\/wp\/v2\/types\/product"}],"wp:featuredmedia":[{"embeddable":true,"href":"https:\/\/marcheauxvins.com\/en\/wp-json\/wp\/v2\/media\/746448"}],"wp:attachment":[{"href":"https:\/\/marcheauxvins.com\/en\/wp-json\/wp\/v2\/media?parent=746446"}],"wp:term":[{"taxonomy":"product_brand","embeddable":true,"href":"https:\/\/marcheauxvins.com\/en\/wp-json\/wp\/v2\/product_brand?post=746446"},{"taxonomy":"product_cat","embeddable":true,"href":"https:\/\/marcheauxvins.com\/en\/wp-json\/wp\/v2\/product_cat?post=746446"},{"taxonomy":"product_tag","embeddable":true,"href":"https:\/\/marcheauxvins.com\/en\/wp-json\/wp\/v2\/product_tag?post=746446"}],"curies":[{"name":"wp","href":"https:\/\/api.w.org\/{rel}","templated":true}]}}