{"id":745880,"date":"2025-05-09T11:15:47","date_gmt":"2025-05-09T10:15:47","guid":{"rendered":"https:\/\/marcheauxvins.com\/?post_type=product&#038;p=745880"},"modified":"2025-09-22T17:10:53","modified_gmt":"2025-09-22T16:10:53","slug":"ladoix-les-chaillots-2021-chateau-de-meursault-set-of-12-93-for-free","status":"publish","type":"product","link":"https:\/\/marcheauxvins.com\/en\/wine-shop\/ladoix-les-chaillots-2021-chateau-de-meursault-set-of-12-93-for-free\/","title":{"rendered":"Ladoix Les Chaillots 2021, Ch\u00e2teau de Meursault &#8211; Set of 12 &#8211; 9+3 for free"},"content":{"rendered":"","protected":false},"excerpt":{"rendered":"<h3>\u00a0 \u00a0 \u00a0A good buddy wine!<\/h3>\n<p>Intense ruby color, with excellent limpidity. Fresh aromas of raspberry and blackcurrant with a floral touch. Round, balanced and delicate on the palate. The tannins are already very supple, and the finish is long and fruity.<\/p>\n<p><a style=\"color: #000000;\"><strong>Tasting<\/strong><\/a>:<br \/>\nA wine for immediate pleasure, but with a good concentration that will enable it to be kept for 6 to 8 years.<\/p>\n<div>\n<p><a style=\"color: #000000;\"><strong>Pairings<\/strong><\/a>:<br \/>\nIts fleshy mouthfeel will round out the spices of a tajine, but it also pairs well with traditional roast chicken or the mild flavor of a cheese like C\u00eeteaux.<\/p>\n<\/div>\n","protected":false},"featured_media":742985,"template":"","meta":{"_seopress_robots_primary_cat":"none","_seopress_titles_title":"Ladoix Les Chaillots 2021, Ch\u00e2teau de Meursault","_seopress_titles_desc":"Robe d\u2019un rubis intense, d\u2019une belle limpidit\u00e9. Nez aux ar\u00f4mes frais de framboise et de cassis relev\u00e9s d'une touche florale.","_seopress_robots_index":"","appellation_du_vin":""},"product_brand":[],"product_cat":[239,672,680],"product_tag":[],"class_list":{"0":"post-745880","1":"product","2":"type-product","3":"status-publish","4":"has-post-thumbnail","6":"product_cat-bottle-en","7":"product_cat-good-deal","8":"product_cat-wines","9":"product_shipping_class-bt-en","11":"first","12":"instock","13":"sale","14":"taxable","15":"shipping-taxable","16":"purchasable","17":"product-type-simple"},"_links":{"self":[{"href":"https:\/\/marcheauxvins.com\/en\/wp-json\/wp\/v2\/product\/745880","targetHints":{"allow":["GET"]}}],"collection":[{"href":"https:\/\/marcheauxvins.com\/en\/wp-json\/wp\/v2\/product"}],"about":[{"href":"https:\/\/marcheauxvins.com\/en\/wp-json\/wp\/v2\/types\/product"}],"wp:featuredmedia":[{"embeddable":true,"href":"https:\/\/marcheauxvins.com\/en\/wp-json\/wp\/v2\/media\/742985"}],"wp:attachment":[{"href":"https:\/\/marcheauxvins.com\/en\/wp-json\/wp\/v2\/media?parent=745880"}],"wp:term":[{"taxonomy":"product_brand","embeddable":true,"href":"https:\/\/marcheauxvins.com\/en\/wp-json\/wp\/v2\/product_brand?post=745880"},{"taxonomy":"product_cat","embeddable":true,"href":"https:\/\/marcheauxvins.com\/en\/wp-json\/wp\/v2\/product_cat?post=745880"},{"taxonomy":"product_tag","embeddable":true,"href":"https:\/\/marcheauxvins.com\/en\/wp-json\/wp\/v2\/product_tag?post=745880"}],"curies":[{"name":"wp","href":"https:\/\/api.w.org\/{rel}","templated":true}]}}