{"id":17144,"date":"2023-06-18T15:35:51","date_gmt":"2023-06-18T14:35:51","guid":{"rendered":"https:\/\/mav.avril-hebergement.com\/product\/cote-rotie-chateau-dampuis-2011-e-guigal\/"},"modified":"2025-03-15T11:21:44","modified_gmt":"2025-03-15T10:21:44","slug":"cote-rotie-chateau-dampuis-2011-e-guigal","status":"publish","type":"product","link":"https:\/\/marcheauxvins.com\/en\/wine-shop\/cote-rotie-chateau-dampuis-2011-e-guigal\/","title":{"rendered":"C\u00f4te-R\u00f4tie, Ch\u00e2teau d&#8217;Ampuis 2011 &#8211; E.Guigal"},"content":{"rendered":"","protected":false},"excerpt":{"rendered":"<blockquote>\n<h3>A seductive and complex wine<\/h3>\n<\/blockquote>\n<p>Muscled and tannic vintage, forged by a hot climate. The tannins are very strong but softened by a under wood refining.<\/p>\n<p><a style=\"color: #000000;\"><strong>Tasting<\/strong><\/a> :<br \/>\nFrom now on until 5 years.<\/p>\n<p><a style=\"color: #000000;\"><strong>Pairings<\/strong><\/a> :<br \/>\nChevreuil aux airelles<\/p>\n<p><a style=\"color: #000000;\"><strong>Awards<\/strong><\/a> :<br \/>\neRobertParker.com &#8211; 94\/100<br \/>\nWineSoectator &#8211; 94\/100<br \/>\nWineAdvocate &#8211; 91-94\/100<\/p>\n","protected":false},"featured_media":743630,"template":"","meta":{"_seopress_robots_primary_cat":"none","_seopress_titles_title":"C\u00f4te-R\u00f4tie, Ch\u00e2teau d'Ampuis 2011 - E.Guigal","_seopress_titles_desc":"Muscled and tannic vintage, forged by a hot climate. The tannins are very strong but softened by a under wood refining.","_seopress_robots_index":"","_seopress_analysis_target_kw":"C\u00f4te-R\u00f4tie,Ch\u00e2teau d'Ampuis 2011 - E.Guigal","_angie_page":false,"appellation_du_vin":""},"product_brand":[],"product_cat":[239],"product_tag":[],"class_list":{"0":"post-17144","1":"product","2":"type-product","3":"status-publish","4":"has-post-thumbnail","6":"product_cat-bottle-en","7":"product_shipping_class-bt-en","8":"pa_alcool-135-en","9":"pa_classification-cote-rotie-en","10":"pa_contenance-75-cl-en","11":"pa_couleur-red","12":"pa_domaine-guigal-en","13":"pa_millesime-2011-en","14":"pa_region-vallee-du-rhone-en","16":"first","17":"instock","18":"taxable","19":"shipping-taxable","20":"purchasable","21":"product-type-simple"},"_links":{"self":[{"href":"https:\/\/marcheauxvins.com\/en\/wp-json\/wp\/v2\/product\/17144","targetHints":{"allow":["GET"]}}],"collection":[{"href":"https:\/\/marcheauxvins.com\/en\/wp-json\/wp\/v2\/product"}],"about":[{"href":"https:\/\/marcheauxvins.com\/en\/wp-json\/wp\/v2\/types\/product"}],"wp:featuredmedia":[{"embeddable":true,"href":"https:\/\/marcheauxvins.com\/en\/wp-json\/wp\/v2\/media\/743630"}],"wp:attachment":[{"href":"https:\/\/marcheauxvins.com\/en\/wp-json\/wp\/v2\/media?parent=17144"}],"wp:term":[{"taxonomy":"product_brand","embeddable":true,"href":"https:\/\/marcheauxvins.com\/en\/wp-json\/wp\/v2\/product_brand?post=17144"},{"taxonomy":"product_cat","embeddable":true,"href":"https:\/\/marcheauxvins.com\/en\/wp-json\/wp\/v2\/product_cat?post=17144"},{"taxonomy":"product_tag","embeddable":true,"href":"https:\/\/marcheauxvins.com\/en\/wp-json\/wp\/v2\/product_tag?post=17144"}],"curies":[{"name":"wp","href":"https:\/\/api.w.org\/{rel}","templated":true}]}}