{"id":17141,"date":"2023-06-18T15:35:25","date_gmt":"2023-06-18T14:35:25","guid":{"rendered":"https:\/\/mav.avril-hebergement.com\/product\/puligny-montrachet-premier-cru-champ-canet-2014-chateau-de-meursault\/"},"modified":"2025-03-15T11:37:31","modified_gmt":"2025-03-15T10:37:31","slug":"puligny-montrachet-premier-cru-champ-canet-2014-chateau-de-meursault","status":"publish","type":"product","link":"https:\/\/marcheauxvins.com\/en\/wine-shop\/puligny-montrachet-premier-cru-champ-canet-2014-chateau-de-meursault\/","title":{"rendered":"Puligny-Montrachet Premier Cru Champ-Canet 2014, Ch\u00e2teau de Meursault"},"content":{"rendered":"","protected":false},"excerpt":{"rendered":"<blockquote>\n<h3>The elegance of the Puligny<\/h3>\n<\/blockquote>\n<div>\n<p>Champ Canet is one of the most beautiful terroirs of Puligny-Montrachet. It has a rich and complex nose with floral and fruity flavours accompanied by a greedy salinity at the end of the mouth. Great persistence on the mineral.<\/p>\n<p><a style=\"color: #000000;\"><strong>Tasting<\/strong><\/a> :<br \/>\nFrom 5 to 15 years<\/p>\n<p><a style=\"color: #000000;\"><strong>Pairings<\/strong><\/a> :<br \/>\nLangoustines aux agrumes, C\u00f4te de veau \u00e0 la sauce truff\u00e9e, Mille feuille \u00e0 la vanille<\/p>\n<p><a style=\"color: #000000;\"><strong>Awards<\/strong><\/a> :<br \/>\nAllen Meadows : 91-93\/100<br \/>\nFine Wine Magazine : 91\/100<\/p>\n<\/div>\n","protected":false},"featured_media":743428,"template":"","meta":{"_seopress_robots_primary_cat":"none","_seopress_titles_title":"Puligny-Montrachet Premier Cru Champ-Canet 2014, Ch\u00e2teau de Meursault","_seopress_titles_desc":"Champ Canet is one of the most beautiful terroirs of Puligny-Montrachet. It has a rich and complex nose with floral and fruity flavours accompanied by a greedy salinity at the end of the mouth.","_seopress_robots_index":"","appellation_du_vin":""},"product_brand":[],"product_cat":[239,240],"product_tag":[],"class_list":{"0":"post-17141","1":"product","2":"type-product","3":"status-publish","4":"has-post-thumbnail","6":"product_cat-bottle-en","7":"product_cat-climates","8":"product_shipping_class-bt-en","9":"pa_alcool-135-en","10":"pa_classification-premier-cru-en","11":"pa_contenance-75-cl-en","12":"pa_domaine-chateau-de-meursault-en","13":"pa_millesime-2014-en","14":"pa_region-cote-de-beaune-en","15":"pa_village-puligny-montrachet-en","17":"first","18":"instock","19":"taxable","20":"shipping-taxable","21":"purchasable","22":"product-type-simple"},"_links":{"self":[{"href":"https:\/\/marcheauxvins.com\/en\/wp-json\/wp\/v2\/product\/17141","targetHints":{"allow":["GET"]}}],"collection":[{"href":"https:\/\/marcheauxvins.com\/en\/wp-json\/wp\/v2\/product"}],"about":[{"href":"https:\/\/marcheauxvins.com\/en\/wp-json\/wp\/v2\/types\/product"}],"wp:featuredmedia":[{"embeddable":true,"href":"https:\/\/marcheauxvins.com\/en\/wp-json\/wp\/v2\/media\/743428"}],"wp:attachment":[{"href":"https:\/\/marcheauxvins.com\/en\/wp-json\/wp\/v2\/media?parent=17141"}],"wp:term":[{"taxonomy":"product_brand","embeddable":true,"href":"https:\/\/marcheauxvins.com\/en\/wp-json\/wp\/v2\/product_brand?post=17141"},{"taxonomy":"product_cat","embeddable":true,"href":"https:\/\/marcheauxvins.com\/en\/wp-json\/wp\/v2\/product_cat?post=17141"},{"taxonomy":"product_tag","embeddable":true,"href":"https:\/\/marcheauxvins.com\/en\/wp-json\/wp\/v2\/product_tag?post=17141"}],"curies":[{"name":"wp","href":"https:\/\/api.w.org\/{rel}","templated":true}]}}