{"id":17099,"date":"2023-06-18T15:36:39","date_gmt":"2023-06-18T14:36:39","guid":{"rendered":"https:\/\/mav.avril-hebergement.com\/product\/creme-de-peche-de-vigne-marche-aux-vins\/"},"modified":"2025-07-02T11:19:44","modified_gmt":"2025-07-02T10:19:44","slug":"creme-de-peche-de-vigne-marche-aux-vins","status":"publish","type":"product","link":"https:\/\/marcheauxvins.com\/en\/wine-shop\/creme-de-peche-de-vigne-marche-aux-vins\/","title":{"rendered":"Cr\u00e8me de P\u00eache de Vigne, March\u00e9 aux Vins"},"content":{"rendered":"","protected":false},"excerpt":{"rendered":"<blockquote>\n<h3>The true taste of the fruit<\/h3>\n<\/blockquote>\n<div>\n<p>Delicate and powerful, this cream with the taste of ripe fruit is made with vine peaches harvested in Burgundy. To be enjoyed as an aperitif with some Cr\u00e9mant de Bourgogne or on its own on an ice cube to finish the meal.<\/p>\n<p><a style=\"color: #000000;\"><strong>Tasting<\/strong><\/a> :<br \/>\nseveral years<\/p>\n<p><a style=\"color: #000000;\"><strong>Pairings<\/strong><\/a> :<br \/>\nAs an aperitif with white wine or sparkling wine, or as a digestive<\/p>\n<\/div>\n","protected":false},"featured_media":743289,"template":"","meta":{"_seopress_robots_primary_cat":"none","_seopress_titles_title":"Cr\u00e8me de P\u00eache de Vigne, March\u00e9 aux Vins","_seopress_titles_desc":"Delicate and powerful, this cream with the taste of ripe fruit is made with vine peaches harvested in Burgundy.","_seopress_robots_index":"","_seopress_analysis_target_kw":"Cr\u00e8me de P\u00eache de Vigne,March\u00e9 aux Vins","_angie_page":false,"appellation_du_vin":""},"product_brand":[],"product_cat":[239],"product_tag":[],"class_list":{"0":"post-17099","1":"product","2":"type-product","3":"status-publish","4":"has-post-thumbnail","6":"product_cat-bottle-en","7":"product_shipping_class-bt-en","8":"pa_alcool-18-en","9":"pa_classification-spirit","10":"pa_contenance-70-cl-en","11":"pa_domaine-marche-aux-vins-en","13":"first","14":"instock","15":"taxable","16":"shipping-taxable","17":"purchasable","18":"product-type-simple"},"_links":{"self":[{"href":"https:\/\/marcheauxvins.com\/en\/wp-json\/wp\/v2\/product\/17099","targetHints":{"allow":["GET"]}}],"collection":[{"href":"https:\/\/marcheauxvins.com\/en\/wp-json\/wp\/v2\/product"}],"about":[{"href":"https:\/\/marcheauxvins.com\/en\/wp-json\/wp\/v2\/types\/product"}],"wp:featuredmedia":[{"embeddable":true,"href":"https:\/\/marcheauxvins.com\/en\/wp-json\/wp\/v2\/media\/743289"}],"wp:attachment":[{"href":"https:\/\/marcheauxvins.com\/en\/wp-json\/wp\/v2\/media?parent=17099"}],"wp:term":[{"taxonomy":"product_brand","embeddable":true,"href":"https:\/\/marcheauxvins.com\/en\/wp-json\/wp\/v2\/product_brand?post=17099"},{"taxonomy":"product_cat","embeddable":true,"href":"https:\/\/marcheauxvins.com\/en\/wp-json\/wp\/v2\/product_cat?post=17099"},{"taxonomy":"product_tag","embeddable":true,"href":"https:\/\/marcheauxvins.com\/en\/wp-json\/wp\/v2\/product_tag?post=17099"}],"curies":[{"name":"wp","href":"https:\/\/api.w.org\/{rel}","templated":true}]}}