{"id":16899,"date":"2023-06-18T15:43:23","date_gmt":"2023-06-18T14:43:23","guid":{"rendered":"https:\/\/mav.avril-hebergement.com\/product\/cote-rotie-la-landonne-2014-guigal\/"},"modified":"2025-03-17T15:36:49","modified_gmt":"2025-03-17T14:36:49","slug":"cote-rotie-la-landonne-2014-guigal","status":"publish","type":"product","link":"https:\/\/marcheauxvins.com\/en\/wine-shop\/cote-rotie-la-landonne-2014-guigal\/","title":{"rendered":"C\u00f4te-R\u00f4tie La Landonne 2014, Guigal"},"content":{"rendered":"","protected":false},"excerpt":{"rendered":"","protected":false},"featured_media":743482,"template":"","meta":{"_seopress_robots_primary_cat":"none","_seopress_titles_title":"C\u00f4te-R\u00f4tie La Landonne 2014, Guigal","_seopress_titles_desc":"The C\u00f4te-R\u00f4tie La Landonne 2014 from Guigal is an exceptional wine, true to its historic terroir.","_seopress_robots_index":"","appellation_du_vin":""},"product_brand":[],"product_cat":[239],"product_tag":[],"class_list":{"0":"post-16899","1":"product","2":"type-product","3":"status-publish","4":"has-post-thumbnail","6":"product_cat-bottle-en","7":"product_shipping_class-bt-en","8":"pa_alcool-13-en","9":"pa_classification-cote-rotie-en","10":"pa_contenance-75-cl-en","11":"pa_couleur-red","12":"pa_domaine-guigal-en","13":"pa_millesime-2014-en","14":"pa_region-vallee-du-rhone-en","16":"first","17":"instock","18":"taxable","19":"shipping-taxable","20":"purchasable","21":"product-type-simple"},"_links":{"self":[{"href":"https:\/\/marcheauxvins.com\/en\/wp-json\/wp\/v2\/product\/16899","targetHints":{"allow":["GET"]}}],"collection":[{"href":"https:\/\/marcheauxvins.com\/en\/wp-json\/wp\/v2\/product"}],"about":[{"href":"https:\/\/marcheauxvins.com\/en\/wp-json\/wp\/v2\/types\/product"}],"wp:featuredmedia":[{"embeddable":true,"href":"https:\/\/marcheauxvins.com\/en\/wp-json\/wp\/v2\/media\/743482"}],"wp:attachment":[{"href":"https:\/\/marcheauxvins.com\/en\/wp-json\/wp\/v2\/media?parent=16899"}],"wp:term":[{"taxonomy":"product_brand","embeddable":true,"href":"https:\/\/marcheauxvins.com\/en\/wp-json\/wp\/v2\/product_brand?post=16899"},{"taxonomy":"product_cat","embeddable":true,"href":"https:\/\/marcheauxvins.com\/en\/wp-json\/wp\/v2\/product_cat?post=16899"},{"taxonomy":"product_tag","embeddable":true,"href":"https:\/\/marcheauxvins.com\/en\/wp-json\/wp\/v2\/product_tag?post=16899"}],"curies":[{"name":"wp","href":"https:\/\/api.w.org\/{rel}","templated":true}]}}