{"id":16887,"date":"2023-06-18T15:43:48","date_gmt":"2023-06-18T14:43:48","guid":{"rendered":"https:\/\/mav.avril-hebergement.com\/product\/mathusalem-pommard-premier-cru-cuvee-dames-de-la-charite-2018-hospices-de-beaune\/"},"modified":"2025-03-14T15:26:27","modified_gmt":"2025-03-14T14:26:27","slug":"mathusalem-pommard-premier-cru-cuvee-dames-de-la-charite-2018-hospices-de-beaune","status":"publish","type":"product","link":"https:\/\/marcheauxvins.com\/en\/wine-shop\/mathusalem-pommard-premier-cru-cuvee-dames-de-la-charite-2018-hospices-de-beaune\/","title":{"rendered":"Mathusalem Pommard Premier Cru Cuv\u00e9e Dames De La Charit\u00e9 2018, Hospices de Beaune"},"content":{"rendered":"","protected":false},"excerpt":{"rendered":"<blockquote>\n<h3>A wine with a powerful and distinguished character<\/h3>\n<\/blockquote>\n<div>This cuv\u00e9e is the most prized of the Pommards of the sale of the hospices of Beaune for the great potential of its wines.<br \/>\nThe colour is an intense ruby. The nose is bewitching and shows a density of remarkable aromas ranging from fruity notes of crushed strawberry, blackberry, wild blueberry and cherry to hints of liquorice and blond tobacco. The attack is frank. The mouth is powerful and smooth with an impressive depth in the final . The tannins are perfectly balanced and balanced.<a style=\"color: #000000;\"><strong>Tasting<\/strong><\/a> :<br \/>\nThis great wine will need a long sleep of about thirty years to gain in complexity and delight your taste buds.<\/p>\n<p><a style=\"color: #000000;\"><strong>Pairing<\/strong><\/a> :<br \/>\nThis wine has enough power to stand up to game or full-bodied cheese.<\/p>\n<\/div>\n","protected":false},"featured_media":743080,"template":"","meta":{"_seopress_robots_primary_cat":"none","_seopress_titles_title":"Mathusalem Pommard Premier Cru Cuv\u00e9e Dames De La Charit\u00e9 2018, Hospices de Beaune","_seopress_titles_desc":"This cuv\u00e9e is the most prized of the Pommards of the sale of the hospices of Beaune for the great potential of its wines.","_seopress_robots_index":"","appellation_du_vin":""},"product_brand":[],"product_cat":[240,292,384,680],"product_tag":[],"class_list":{"0":"post-16887","1":"product","2":"type-product","3":"status-publish","4":"has-post-thumbnail","6":"product_cat-climates","7":"product_cat-hospices-en","8":"product_cat-mathusalem-en","9":"product_cat-wines","10":"product_shipping_class-ma-en","11":"pa_alcool-135-en","12":"pa_classification-premier-cru-en","13":"pa_contenance-6l-en","14":"pa_couleur-red","15":"pa_domaine-hospices-de-beaune-en","16":"pa_millesime-2018-en","17":"pa_region-cote-de-beaune-en","18":"pa_village-pommard-en","20":"first","21":"instock","22":"taxable","23":"shipping-taxable","24":"purchasable","25":"product-type-simple"},"_links":{"self":[{"href":"https:\/\/marcheauxvins.com\/en\/wp-json\/wp\/v2\/product\/16887","targetHints":{"allow":["GET"]}}],"collection":[{"href":"https:\/\/marcheauxvins.com\/en\/wp-json\/wp\/v2\/product"}],"about":[{"href":"https:\/\/marcheauxvins.com\/en\/wp-json\/wp\/v2\/types\/product"}],"wp:featuredmedia":[{"embeddable":true,"href":"https:\/\/marcheauxvins.com\/en\/wp-json\/wp\/v2\/media\/743080"}],"wp:attachment":[{"href":"https:\/\/marcheauxvins.com\/en\/wp-json\/wp\/v2\/media?parent=16887"}],"wp:term":[{"taxonomy":"product_brand","embeddable":true,"href":"https:\/\/marcheauxvins.com\/en\/wp-json\/wp\/v2\/product_brand?post=16887"},{"taxonomy":"product_cat","embeddable":true,"href":"https:\/\/marcheauxvins.com\/en\/wp-json\/wp\/v2\/product_cat?post=16887"},{"taxonomy":"product_tag","embeddable":true,"href":"https:\/\/marcheauxvins.com\/en\/wp-json\/wp\/v2\/product_tag?post=16887"}],"curies":[{"name":"wp","href":"https:\/\/api.w.org\/{rel}","templated":true}]}}