{"id":742674,"date":"2025-02-25T22:42:23","date_gmt":"2025-02-25T21:42:23","guid":{"rendered":"https:\/\/marcheauxvins.com\/cote-de-nuits\/"},"modified":"2025-05-20T22:14:31","modified_gmt":"2025-05-20T21:14:31","slug":"cote-de-nuits","status":"publish","type":"page","link":"https:\/\/marcheauxvins.com\/en\/cote-de-nuits\/","title":{"rendered":"C\u00f4te de Nuits"},"content":{"rendered":"\t\t<div data-elementor-type=\"wp-page\" data-elementor-id=\"742674\" class=\"elementor elementor-742674 elementor-741811\" data-elementor-post-type=\"page\">\n\t\t\t\t<div class=\"elementor-element elementor-element-abaf9a1 e-flex e-con-boxed e-con e-parent\" data-id=\"abaf9a1\" data-element_type=\"container\" data-e-type=\"container\" data-settings=\"{&quot;jet_parallax_layout_list&quot;:[]}\">\n\t\t\t\t\t<div class=\"e-con-inner\">\n\t\t<div class=\"elementor-element elementor-element-24b4373 e-con-full e-flex e-con e-child\" data-id=\"24b4373\" data-element_type=\"container\" data-e-type=\"container\" data-settings=\"{&quot;jet_parallax_layout_list&quot;:[]}\">\n\t\t\t\t<div class=\"elementor-element elementor-element-c0a9449 elementor-widget__width-auto elementor-widget elementor-widget-heading\" data-id=\"c0a9449\" data-element_type=\"widget\" data-e-type=\"widget\" data-widget_type=\"heading.default\">\n\t\t\t\t\t<h2 class=\"elementor-heading-title elementor-size-default\">C\u00f4te de nuits<\/h2>\t\t\t\t<\/div>\n\t\t\t\t<div class=\"elementor-element elementor-element-63959d0 elementor-widget elementor-widget-image\" data-id=\"63959d0\" data-element_type=\"widget\" data-e-type=\"widget\" data-widget_type=\"image.default\">\n\t\t\t\t\t\t\t\t\t\t\t\t\t\t\t<img alt=\"\" decoding=\"async\" src=\"https:\/\/marcheauxvins.com\/wp-content\/uploads\/2024\/12\/Illu_Mosaique-line.svg\" class=\"attachment-full size-full wp-image-22186\" alt=\"\" \/>\t\t\t\t\t\t\t\t\t\t\t\t\t\t\t<\/div>\n\t\t\t\t<\/div>\n\t\t\t\t\t<\/div>\n\t\t\t\t<\/div>\n\t\t<div class=\"elementor-element elementor-element-f62c969 e-flex e-con-boxed e-con e-parent\" data-id=\"f62c969\" data-element_type=\"container\" data-e-type=\"container\" data-settings=\"{&quot;jet_parallax_layout_list&quot;:[]}\">\n\t\t\t\t\t<div class=\"e-con-inner\">\n\t\t\t\t<div data-dce-background-color=\"#AD2D2D\" class=\"elementor-element elementor-element-b9b5ced go-back elementor-widget elementor-widget-button\" data-id=\"b9b5ced\" data-element_type=\"widget\" data-e-type=\"widget\" id=\"go-back\" data-widget_type=\"button.default\">\n\t\t\t\t\t\t\t\t\t\t<a class=\"elementor-button elementor-button-link elementor-size-sm\" href=\"#\">\n\t\t\t\t\t\t<span class=\"elementor-button-content-wrapper\">\n\t\t\t\t\t\t<span class=\"elementor-button-icon\">\n\t\t\t\t<i aria-hidden=\"true\" class=\"fal fa-angle-left\"><\/i>\t\t\t<\/span>\n\t\t\t\t\t\t\t\t\t<span class=\"elementor-button-text\">Back<\/span>\n\t\t\t\t\t<\/span>\n\t\t\t\t\t<\/a>\n\t\t\t\t\t\t\t\t<\/div>\n\t\t\t\t<div class=\"elementor-element elementor-element-0bd7f08 elementor-widget elementor-widget-html\" data-id=\"0bd7f08\" data-element_type=\"widget\" data-e-type=\"widget\" data-widget_type=\"html.default\">\n\t\t\t\t\t<script type=\"text\/javascript\">  jQuery(document).ready(function() { jQuery('#go-back').on('click', function() { window.history.go(-1);  return false; }); }); <\/script> \t\t\t\t<\/div>\n\t\t\t\t\t<\/div>\n\t\t\t\t<\/div>\n\t\t<div class=\"elementor-element elementor-element-30193e8 e-flex e-con-boxed e-con e-parent\" data-id=\"30193e8\" data-element_type=\"container\" data-e-type=\"container\" data-settings=\"{&quot;jet_parallax_layout_list&quot;:[]}\">\n\t\t\t\t\t<div class=\"e-con-inner\">\n\t\t\t\t<div class=\"elementor-element elementor-element-1c3f23a zoooom elementor-widget elementor-widget-hotspot\" data-id=\"1c3f23a\" data-element_type=\"widget\" data-e-type=\"widget\" id=\"zoooom\" data-settings=\"{&quot;hotspot&quot;:[{&quot;_id&quot;:&quot;8fd794e&quot;,&quot;hotspot_link&quot;:{&quot;url&quot;:&quot;https:\\\/\\\/marcheauxvins.com\\\/en\\\/appellations\\\/nuits-saint-georges\\\/&quot;,&quot;is_external&quot;:&quot;&quot;,&quot;nofollow&quot;:&quot;&quot;,&quot;custom_attributes&quot;:&quot;&quot;},&quot;hotspot_tooltip_content&quot;:&quot;&lt;p&gt;Nuits-Saint-Georges&lt;\\\/p&gt;&quot;,&quot;hotspot_offset_x&quot;:{&quot;unit&quot;:&quot;%&quot;,&quot;size&quot;:28,&quot;sizes&quot;:[]},&quot;hotspot_offset_y&quot;:{&quot;unit&quot;:&quot;%&quot;,&quot;size&quot;:82,&quot;sizes&quot;:[]},&quot;hotspot_tooltip_position&quot;:&quot;&quot;,&quot;hotspot_icon&quot;:{&quot;value&quot;:{&quot;url&quot;:&quot;https:\\\/\\\/marcheauxvins.com\\\/wp-content\\\/uploads\\\/2025\\\/01\\\/icones-Vins-2.svg&quot;,&quot;id&quot;:739359},&quot;library&quot;:&quot;svg&quot;},&quot;index&quot;:0,&quot;__dynamic__&quot;:null,&quot;hotspot_label&quot;:&quot;&quot;,&quot;hotspot_icon_position&quot;:null,&quot;hotspot_icon_spacing&quot;:null,&quot;hotspot_custom_size&quot;:&quot;no&quot;,&quot;hotspot_width&quot;:null,&quot;hotspot_height&quot;:null,&quot;hotspot_horizontal&quot;:&quot;left&quot;,&quot;hotspot_vertical&quot;:&quot;top&quot;,&quot;hotspot_position&quot;:null,&quot;hotspot_tooltip_width&quot;:null,&quot;hotspot_tooltip_text_wrap&quot;:null},{&quot;hotspot_link&quot;:{&quot;url&quot;:&quot;https:\\\/\\\/marcheauxvins.com\\\/en\\\/appellations\\\/vosne-romanee\\\/&quot;,&quot;is_external&quot;:&quot;&quot;,&quot;nofollow&quot;:&quot;&quot;,&quot;custom_attributes&quot;:&quot;&quot;},&quot;hotspot_tooltip_content&quot;:&quot;&lt;p&gt;Vosne-Roman\\u00e9e&lt;\\\/p&gt;&quot;,&quot;hotspot_offset_x&quot;:{&quot;unit&quot;:&quot;%&quot;,&quot;size&quot;:35,&quot;sizes&quot;:[]},&quot;hotspot_offset_y&quot;:{&quot;unit&quot;:&quot;%&quot;,&quot;size&quot;:67,&quot;sizes&quot;:[]},&quot;hotspot_tooltip_position&quot;:&quot;&quot;,&quot;hotspot_icon&quot;:{&quot;value&quot;:{&quot;url&quot;:&quot;https:\\\/\\\/marcheauxvins.com\\\/wp-content\\\/uploads\\\/2025\\\/01\\\/icones-Vins-2.svg&quot;,&quot;id&quot;:739359},&quot;library&quot;:&quot;svg&quot;},&quot;_id&quot;:&quot;8b84c17&quot;,&quot;index&quot;:1,&quot;__dynamic__&quot;:null,&quot;hotspot_label&quot;:&quot;&quot;,&quot;hotspot_icon_position&quot;:null,&quot;hotspot_icon_spacing&quot;:null,&quot;hotspot_custom_size&quot;:&quot;no&quot;,&quot;hotspot_width&quot;:null,&quot;hotspot_height&quot;:null,&quot;hotspot_horizontal&quot;:&quot;left&quot;,&quot;hotspot_vertical&quot;:&quot;top&quot;,&quot;hotspot_position&quot;:null,&quot;hotspot_tooltip_width&quot;:null,&quot;hotspot_tooltip_text_wrap&quot;:null},{&quot;hotspot_link&quot;:{&quot;url&quot;:&quot;https:\\\/\\\/marcheauxvins.com\\\/en\\\/appellations\\\/marsannay-la-cote\\\/&quot;,&quot;is_external&quot;:&quot;&quot;,&quot;nofollow&quot;:&quot;&quot;,&quot;custom_attributes&quot;:&quot;&quot;},&quot;hotspot_tooltip_content&quot;:&quot;&lt;p&gt;Marsannay-La-C\\u00f4te&lt;\\\/p&gt;&quot;,&quot;hotspot_offset_x&quot;:{&quot;unit&quot;:&quot;%&quot;,&quot;size&quot;:81,&quot;sizes&quot;:[]},&quot;hotspot_offset_y&quot;:{&quot;unit&quot;:&quot;%&quot;,&quot;size&quot;:23,&quot;sizes&quot;:[]},&quot;hotspot_tooltip_position&quot;:&quot;&quot;,&quot;hotspot_icon&quot;:{&quot;value&quot;:{&quot;url&quot;:&quot;https:\\\/\\\/marcheauxvins.com\\\/wp-content\\\/uploads\\\/2025\\\/01\\\/icones-Vins-2.svg&quot;,&quot;id&quot;:739359},&quot;library&quot;:&quot;svg&quot;},&quot;_id&quot;:&quot;ba72549&quot;,&quot;index&quot;:2,&quot;__dynamic__&quot;:null,&quot;hotspot_label&quot;:&quot;&quot;,&quot;hotspot_icon_position&quot;:null,&quot;hotspot_icon_spacing&quot;:null,&quot;hotspot_custom_size&quot;:&quot;no&quot;,&quot;hotspot_width&quot;:null,&quot;hotspot_height&quot;:null,&quot;hotspot_horizontal&quot;:&quot;left&quot;,&quot;hotspot_vertical&quot;:&quot;top&quot;,&quot;hotspot_position&quot;:null,&quot;hotspot_tooltip_width&quot;:null,&quot;hotspot_tooltip_text_wrap&quot;:null},{&quot;hotspot_link&quot;:{&quot;url&quot;:&quot;https:\\\/\\\/marcheauxvins.com\\\/en\\\/appellations\\\/gevrey-chambertin\\\/&quot;,&quot;is_external&quot;:&quot;&quot;,&quot;nofollow&quot;:&quot;&quot;,&quot;custom_attributes&quot;:&quot;&quot;},&quot;hotspot_tooltip_content&quot;:&quot;&lt;p&gt;Gevrey-Chambertin&lt;\\\/p&gt;&quot;,&quot;hotspot_offset_x&quot;:{&quot;unit&quot;:&quot;%&quot;,&quot;size&quot;:60,&quot;sizes&quot;:[]},&quot;hotspot_offset_y&quot;:{&quot;unit&quot;:&quot;%&quot;,&quot;size&quot;:33,&quot;sizes&quot;:[]},&quot;hotspot_tooltip_position&quot;:&quot;&quot;,&quot;hotspot_icon&quot;:{&quot;value&quot;:{&quot;url&quot;:&quot;https:\\\/\\\/marcheauxvins.com\\\/wp-content\\\/uploads\\\/2025\\\/01\\\/icones-Vins-2.svg&quot;,&quot;id&quot;:739359},&quot;library&quot;:&quot;svg&quot;},&quot;_id&quot;:&quot;da45b3d&quot;,&quot;index&quot;:3,&quot;__dynamic__&quot;:null,&quot;hotspot_label&quot;:&quot;&quot;,&quot;hotspot_icon_position&quot;:null,&quot;hotspot_icon_spacing&quot;:null,&quot;hotspot_custom_size&quot;:&quot;no&quot;,&quot;hotspot_width&quot;:null,&quot;hotspot_height&quot;:null,&quot;hotspot_horizontal&quot;:&quot;left&quot;,&quot;hotspot_vertical&quot;:&quot;top&quot;,&quot;hotspot_position&quot;:null,&quot;hotspot_tooltip_width&quot;:null,&quot;hotspot_tooltip_text_wrap&quot;:null},{&quot;hotspot_link&quot;:{&quot;url&quot;:&quot;https:\\\/\\\/marcheauxvins.com\\\/en\\\/appellations\\\/vougeot&quot;,&quot;is_external&quot;:&quot;&quot;,&quot;nofollow&quot;:&quot;&quot;,&quot;custom_attributes&quot;:&quot;&quot;},&quot;hotspot_tooltip_content&quot;:&quot;&lt;p&gt;Vougeot&lt;\\\/p&gt;&quot;,&quot;hotspot_offset_x&quot;:{&quot;unit&quot;:&quot;%&quot;,&quot;size&quot;:41,&quot;sizes&quot;:[]},&quot;hotspot_offset_y&quot;:{&quot;unit&quot;:&quot;%&quot;,&quot;size&quot;:60,&quot;sizes&quot;:[]},&quot;hotspot_tooltip_position&quot;:&quot;&quot;,&quot;hotspot_icon&quot;:{&quot;value&quot;:{&quot;url&quot;:&quot;https:\\\/\\\/marcheauxvins.com\\\/wp-content\\\/uploads\\\/2025\\\/01\\\/icones-Vins-2.svg&quot;,&quot;id&quot;:739359},&quot;library&quot;:&quot;svg&quot;},&quot;index&quot;:3,&quot;_id&quot;:&quot;77f2538&quot;,&quot;__dynamic__&quot;:null,&quot;hotspot_label&quot;:&quot;&quot;,&quot;hotspot_icon_position&quot;:null,&quot;hotspot_icon_spacing&quot;:null,&quot;hotspot_custom_size&quot;:&quot;no&quot;,&quot;hotspot_width&quot;:null,&quot;hotspot_height&quot;:null,&quot;hotspot_horizontal&quot;:&quot;left&quot;,&quot;hotspot_vertical&quot;:&quot;top&quot;,&quot;hotspot_position&quot;:null,&quot;hotspot_tooltip_width&quot;:null,&quot;hotspot_tooltip_text_wrap&quot;:null}],&quot;hotspot_sequenced_animation&quot;:&quot;yes&quot;,&quot;tooltip_trigger&quot;:&quot;mouseenter&quot;,&quot;tooltip_animation&quot;:&quot;e-hotspot--fade-grow&quot;,&quot;hotspot_sequenced_animation_duration&quot;:{&quot;unit&quot;:&quot;px&quot;,&quot;size&quot;:3000,&quot;sizes&quot;:[]},&quot;tooltip_position&quot;:&quot;top&quot;}\" data-widget_type=\"hotspot.default\">\n\t\t\t\t<div class=\"elementor-widget-container\">\n\t\t\t\t\t<img alt=\"\" fetchpriority=\"high\" decoding=\"async\" width=\"4000\" height=\"1580\" src=\"https:\/\/marcheauxvins.com\/wp-content\/uploads\/2025\/03\/Carte-COTE-DE-NUITS.png\" class=\"attachment-full size-full wp-image-742617\" alt=\"\" srcset=\"https:\/\/marcheauxvins.com\/wp-content\/uploads\/2025\/03\/Carte-COTE-DE-NUITS.png 4000w, https:\/\/marcheauxvins.com\/wp-content\/uploads\/2025\/03\/Carte-COTE-DE-NUITS-300x119.png 300w, https:\/\/marcheauxvins.com\/wp-content\/uploads\/2025\/03\/Carte-COTE-DE-NUITS-1024x404.png 1024w, https:\/\/marcheauxvins.com\/wp-content\/uploads\/2025\/03\/Carte-COTE-DE-NUITS-768x303.png 768w, https:\/\/marcheauxvins.com\/wp-content\/uploads\/2025\/03\/Carte-COTE-DE-NUITS-1536x607.png 1536w, https:\/\/marcheauxvins.com\/wp-content\/uploads\/2025\/03\/Carte-COTE-DE-NUITS-2048x809.png 2048w, https:\/\/marcheauxvins.com\/wp-content\/uploads\/2025\/03\/Carte-COTE-DE-NUITS-600x237.png 600w\" sizes=\"(max-width: 4000px) 100vw, 4000px\" \/>\n\t\t\t\t\t\t<a class=\"e-hotspot elementor-repeater-item-8fd794e e-hotspot--sequenced e-hotspot--position-left e-hotspot--position-top e-hotspot--link  e-hotspot--icon\" href=\"https:\/\/marcheauxvins.com\/en\/appellations\/nuits-saint-georges\/\">\n\n\t\t\t\t\t\t\t\t<div class=\"e-hotspot__button e-hotspot--expand\">\n\t\t\t\t\t\t\t\t\t\t\t\t\t\t\t\t\t\t<div class=\"e-hotspot__icon\"><svg xmlns=\"http:\/\/www.w3.org\/2000\/svg\" id=\"uuid-468df575-20be-446e-8f2a-42b3c17480b1\" viewBox=\"0 0 46.4 93.8\"><path d=\"M23.2,61.1l-.8-.5C-5.5,42.3-4,26.1,9.1.8l.4-.8h27.4l.4.8c7.6,14.8,10.2,24.8,8.6,33.4-1.7,9.4-8.5,17.5-21.9,26.3l-.8.5ZM11.3,3C-.9,27-2,40.7,23.2,57.5c25.2-16.8,24.1-30.5,11.9-54.5H11.3Z\"><\/path><rect x=\"21.7\" y=\"59.3\" width=\"3\" height=\"33\"><\/rect><rect x=\"11.6\" y=\"90.8\" width=\"23.3\" height=\"3\"><\/rect><\/svg><\/div>\n\t\t\t\t\t\t\t\t\t\t\t\t\t\t\t\t\t\t\t\t\t<\/div>\n\n\t\t\t\t\t\t\t\t\t\t\t\t\t\t\t\t\t\t<div class=\"e-hotspot__tooltip  e-hotspot--tooltip-position e-hotspot--fade-grow \" >\n\t\t\t\t\t\t<p>Nuits-Saint-Georges<\/p>\t\t\t\t\t<\/div>\n\t\t\t\t\t\t\t\t\t\n\t\t\t<\/a>\n\n\t\n\t\t\t\t\t\t<a class=\"e-hotspot elementor-repeater-item-8b84c17 e-hotspot--sequenced e-hotspot--position-left e-hotspot--position-top e-hotspot--link  e-hotspot--icon\" href=\"https:\/\/marcheauxvins.com\/en\/appellations\/vosne-romanee\/\">\n\n\t\t\t\t\t\t\t\t<div class=\"e-hotspot__button e-hotspot--expand\">\n\t\t\t\t\t\t\t\t\t\t\t\t\t\t\t\t\t\t<div class=\"e-hotspot__icon\"><svg xmlns=\"http:\/\/www.w3.org\/2000\/svg\" id=\"uuid-468df575-20be-446e-8f2a-42b3c17480b1\" viewBox=\"0 0 46.4 93.8\"><path d=\"M23.2,61.1l-.8-.5C-5.5,42.3-4,26.1,9.1.8l.4-.8h27.4l.4.8c7.6,14.8,10.2,24.8,8.6,33.4-1.7,9.4-8.5,17.5-21.9,26.3l-.8.5ZM11.3,3C-.9,27-2,40.7,23.2,57.5c25.2-16.8,24.1-30.5,11.9-54.5H11.3Z\"><\/path><rect x=\"21.7\" y=\"59.3\" width=\"3\" height=\"33\"><\/rect><rect x=\"11.6\" y=\"90.8\" width=\"23.3\" height=\"3\"><\/rect><\/svg><\/div>\n\t\t\t\t\t\t\t\t\t\t\t\t\t\t\t\t\t\t\t\t\t<\/div>\n\n\t\t\t\t\t\t\t\t\t\t\t\t\t\t\t\t\t\t<div class=\"e-hotspot__tooltip  e-hotspot--tooltip-position e-hotspot--fade-grow \" >\n\t\t\t\t\t\t<p>Vosne-Roman\u00e9e<\/p>\t\t\t\t\t<\/div>\n\t\t\t\t\t\t\t\t\t\n\t\t\t<\/a>\n\n\t\n\t\t\t\t\t\t<a class=\"e-hotspot elementor-repeater-item-ba72549 e-hotspot--sequenced e-hotspot--position-left e-hotspot--position-top e-hotspot--link  e-hotspot--icon\" href=\"https:\/\/marcheauxvins.com\/en\/appellations\/marsannay-la-cote\/\">\n\n\t\t\t\t\t\t\t\t<div class=\"e-hotspot__button e-hotspot--expand\">\n\t\t\t\t\t\t\t\t\t\t\t\t\t\t\t\t\t\t<div class=\"e-hotspot__icon\"><svg xmlns=\"http:\/\/www.w3.org\/2000\/svg\" id=\"uuid-468df575-20be-446e-8f2a-42b3c17480b1\" viewBox=\"0 0 46.4 93.8\"><path d=\"M23.2,61.1l-.8-.5C-5.5,42.3-4,26.1,9.1.8l.4-.8h27.4l.4.8c7.6,14.8,10.2,24.8,8.6,33.4-1.7,9.4-8.5,17.5-21.9,26.3l-.8.5ZM11.3,3C-.9,27-2,40.7,23.2,57.5c25.2-16.8,24.1-30.5,11.9-54.5H11.3Z\"><\/path><rect x=\"21.7\" y=\"59.3\" width=\"3\" height=\"33\"><\/rect><rect x=\"11.6\" y=\"90.8\" width=\"23.3\" height=\"3\"><\/rect><\/svg><\/div>\n\t\t\t\t\t\t\t\t\t\t\t\t\t\t\t\t\t\t\t\t\t<\/div>\n\n\t\t\t\t\t\t\t\t\t\t\t\t\t\t\t\t\t\t<div class=\"e-hotspot__tooltip  e-hotspot--tooltip-position e-hotspot--fade-grow \" >\n\t\t\t\t\t\t<p>Marsannay-La-C\u00f4te<\/p>\t\t\t\t\t<\/div>\n\t\t\t\t\t\t\t\t\t\n\t\t\t<\/a>\n\n\t\n\t\t\t\t\t\t<a class=\"e-hotspot elementor-repeater-item-da45b3d e-hotspot--sequenced e-hotspot--position-left e-hotspot--position-top e-hotspot--link  e-hotspot--icon\" href=\"https:\/\/marcheauxvins.com\/en\/appellations\/gevrey-chambertin\/\">\n\n\t\t\t\t\t\t\t\t<div class=\"e-hotspot__button e-hotspot--expand\">\n\t\t\t\t\t\t\t\t\t\t\t\t\t\t\t\t\t\t<div class=\"e-hotspot__icon\"><svg xmlns=\"http:\/\/www.w3.org\/2000\/svg\" id=\"uuid-468df575-20be-446e-8f2a-42b3c17480b1\" viewBox=\"0 0 46.4 93.8\"><path d=\"M23.2,61.1l-.8-.5C-5.5,42.3-4,26.1,9.1.8l.4-.8h27.4l.4.8c7.6,14.8,10.2,24.8,8.6,33.4-1.7,9.4-8.5,17.5-21.9,26.3l-.8.5ZM11.3,3C-.9,27-2,40.7,23.2,57.5c25.2-16.8,24.1-30.5,11.9-54.5H11.3Z\"><\/path><rect x=\"21.7\" y=\"59.3\" width=\"3\" height=\"33\"><\/rect><rect x=\"11.6\" y=\"90.8\" width=\"23.3\" height=\"3\"><\/rect><\/svg><\/div>\n\t\t\t\t\t\t\t\t\t\t\t\t\t\t\t\t\t\t\t\t\t<\/div>\n\n\t\t\t\t\t\t\t\t\t\t\t\t\t\t\t\t\t\t<div class=\"e-hotspot__tooltip  e-hotspot--tooltip-position e-hotspot--fade-grow \" >\n\t\t\t\t\t\t<p>Gevrey-Chambertin<\/p>\t\t\t\t\t<\/div>\n\t\t\t\t\t\t\t\t\t\n\t\t\t<\/a>\n\n\t\n\t\t\t\t\t\t<a class=\"e-hotspot elementor-repeater-item-77f2538 e-hotspot--sequenced e-hotspot--position-left e-hotspot--position-top e-hotspot--link  e-hotspot--icon\" href=\"https:\/\/marcheauxvins.com\/en\/appellations\/vougeot\">\n\n\t\t\t\t\t\t\t\t<div class=\"e-hotspot__button e-hotspot--expand\">\n\t\t\t\t\t\t\t\t\t\t\t\t\t\t\t\t\t\t<div class=\"e-hotspot__icon\"><svg xmlns=\"http:\/\/www.w3.org\/2000\/svg\" id=\"uuid-468df575-20be-446e-8f2a-42b3c17480b1\" viewBox=\"0 0 46.4 93.8\"><path d=\"M23.2,61.1l-.8-.5C-5.5,42.3-4,26.1,9.1.8l.4-.8h27.4l.4.8c7.6,14.8,10.2,24.8,8.6,33.4-1.7,9.4-8.5,17.5-21.9,26.3l-.8.5ZM11.3,3C-.9,27-2,40.7,23.2,57.5c25.2-16.8,24.1-30.5,11.9-54.5H11.3Z\"><\/path><rect x=\"21.7\" y=\"59.3\" width=\"3\" height=\"33\"><\/rect><rect x=\"11.6\" y=\"90.8\" width=\"23.3\" height=\"3\"><\/rect><\/svg><\/div>\n\t\t\t\t\t\t\t\t\t\t\t\t\t\t\t\t\t\t\t\t\t<\/div>\n\n\t\t\t\t\t\t\t\t\t\t\t\t\t\t\t\t\t\t<div class=\"e-hotspot__tooltip  e-hotspot--tooltip-position e-hotspot--fade-grow \" >\n\t\t\t\t\t\t<p>Vougeot<\/p>\t\t\t\t\t<\/div>\n\t\t\t\t\t\t\t\t\t\n\t\t\t<\/a>\n\n\t\n\t\t\t\t\t\t<\/div>\n\t\t\t\t<\/div>\n\t\t\t\t<div class=\"elementor-element elementor-element-025be4b elementor-widget elementor-widget-button\" data-id=\"025be4b\" data-element_type=\"widget\" data-e-type=\"widget\" data-widget_type=\"button.default\">\n\t\t\t\t\t\t\t\t\t\t<a class=\"elementor-button elementor-button-link elementor-size-sm\" href=\"https:\/\/marcheauxvins.com\/wp-content\/uploads\/2025\/03\/Carte-COTE-DE-NUITS.png\" target=\"_blank\">\n\t\t\t\t\t\t<span class=\"elementor-button-content-wrapper\">\n\t\t\t\t\t\t\t\t\t<span class=\"elementor-button-text\">Download the map<\/span>\n\t\t\t\t\t<\/span>\n\t\t\t\t\t<\/a>\n\t\t\t\t\t\t\t\t<\/div>\n\t\t\t\t\t<\/div>\n\t\t\t\t<\/div>\n\t\t\t\t<\/div>\n\t\t","protected":false},"excerpt":{"rendered":"<p>C\u00f4te de nuits Back Nuits-Saint-Georges Vosne-Roman\u00e9e Marsannay-La-C\u00f4te Gevrey-Chambertin Vougeot Download the map<\/p>\n","protected":false},"author":312,"featured_media":0,"parent":0,"menu_order":4,"comment_status":"closed","ping_status":"closed","template":"","meta":{"_seopress_robots_primary_cat":"","_seopress_titles_title":"","_seopress_titles_desc":"","_seopress_robots_index":"","footnotes":""},"class_list":["post-742674","page","type-page","status-publish","hentry"],"_links":{"self":[{"href":"https:\/\/marcheauxvins.com\/en\/wp-json\/wp\/v2\/pages\/742674","targetHints":{"allow":["GET"]}}],"collection":[{"href":"https:\/\/marcheauxvins.com\/en\/wp-json\/wp\/v2\/pages"}],"about":[{"href":"https:\/\/marcheauxvins.com\/en\/wp-json\/wp\/v2\/types\/page"}],"author":[{"embeddable":true,"href":"https:\/\/marcheauxvins.com\/en\/wp-json\/wp\/v2\/users\/312"}],"replies":[{"embeddable":true,"href":"https:\/\/marcheauxvins.com\/en\/wp-json\/wp\/v2\/comments?post=742674"}],"version-history":[{"count":0,"href":"https:\/\/marcheauxvins.com\/en\/wp-json\/wp\/v2\/pages\/742674\/revisions"}],"wp:attachment":[{"href":"https:\/\/marcheauxvins.com\/en\/wp-json\/wp\/v2\/media?parent=742674"}],"curies":[{"name":"wp","href":"https:\/\/api.w.org\/{rel}","templated":true}]}}